{"id":225,"date":"2022-03-31T13:27:09","date_gmt":"2022-03-31T13:27:09","guid":{"rendered":"http:\/\/patagoniaoverlander.com\/?post_type=product&#038;p=225"},"modified":"2022-03-31T14:26:48","modified_gmt":"2022-03-31T14:26:48","slug":"sitio-de-camping-casa-rodante","status":"publish","type":"product","link":"https:\/\/patagoniaoverlander.com\/es\/producto\/sitio-de-camping-casa-rodante\/","title":{"rendered":"Sitio de Camping"},"content":{"rendered":"<p>[et_pb_section fb_built=\u00bb1&#8243; _builder_version=\u00bb3.22&#8243; custom_padding=\u00bb0px||||false|false\u00bb global_colors_info=\u00bb{}\u00bb][et_pb_row _builder_version=\u00bb3.25&#8243; background_size=\u00bbinitial\u00bb background_position=\u00bbtop_left\u00bb background_repeat=\u00bbrepeat\u00bb width=\u00bb100%\u00bb custom_padding=\u00bb0px||0px||false|false\u00bb global_colors_info=\u00bb{}\u00bb][et_pb_column type=\u00bb4_4&#8243; _builder_version=\u00bb3.25&#8243; custom_padding=\u00bb|||\u00bb global_colors_info=\u00bb{}\u00bb custom_padding__hover=\u00bb|||\u00bb][et_pb_wc_breadcrumb _builder_version=\u00bb3.0.47&#8243; global_colors_info=\u00bb{}\u00bb][\/et_pb_wc_breadcrumb][et_pb_wc_cart_notice _builder_version=\u00bb4.14.9&#8243; custom_button=\u00bbon\u00bb button_text_color=\u00bb#FFFFFF\u00bb global_colors_info=\u00bb{}\u00bb][\/et_pb_wc_cart_notice][\/et_pb_column][\/et_pb_row][et_pb_row column_structure=\u00bb1_2,1_2&#8243; _builder_version=\u00bb3.25&#8243; background_size=\u00bbinitial\u00bb background_position=\u00bbtop_left\u00bb background_repeat=\u00bbrepeat\u00bb width=\u00bb100%\u00bb custom_padding=\u00bb0px||||false|false\u00bb global_colors_info=\u00bb{}\u00bb][et_pb_column type=\u00bb1_2&#8243; _builder_version=\u00bb3.25&#8243; custom_padding=\u00bb|||\u00bb global_colors_info=\u00bb{}\u00bb custom_padding__hover=\u00bb|||\u00bb][et_pb_wc_images _builder_version=\u00bb3.0.47&#8243; global_colors_info=\u00bb{}\u00bb][\/et_pb_wc_images][\/et_pb_column][et_pb_column type=\u00bb1_2&#8243; _builder_version=\u00bb3.25&#8243; custom_padding=\u00bb|||\u00bb global_colors_info=\u00bb{}\u00bb custom_padding__hover=\u00bb|||\u00bb][et_pb_wc_title _builder_version=\u00bb3.0.47&#8243; global_colors_info=\u00bb{}\u00bb][\/et_pb_wc_title][et_pb_wc_rating _builder_version=\u00bb3.0.47&#8243; global_colors_info=\u00bb{}\u00bb][\/et_pb_wc_rating][et_pb_wc_price _builder_version=\u00bb3.0.47&#8243; global_colors_info=\u00bb{}\u00bb][\/et_pb_wc_price][et_pb_wc_description _builder_version=\u00bb3.0.47&#8243; global_colors_info=\u00bb{}\u00bb][\/et_pb_wc_description][et_pb_wc_add_to_cart _builder_version=\u00bb4.14.9&#8243; custom_button=\u00bbon\u00bb button_text_color=\u00bb#FFFFFF\u00bb global_colors_info=\u00bb{}\u00bb][\/et_pb_wc_add_to_cart][et_pb_wc_meta _builder_version=\u00bb3.0.47&#8243; global_colors_info=\u00bb{}\u00bb][\/et_pb_wc_meta][\/et_pb_column][\/et_pb_row][et_pb_row _builder_version=\u00bb3.25&#8243; background_size=\u00bbinitial\u00bb background_position=\u00bbtop_left\u00bb background_repeat=\u00bbrepeat\u00bb width=\u00bb100%\u00bb global_colors_info=\u00bb{}\u00bb][et_pb_column type=\u00bb4_4&#8243; _builder_version=\u00bb3.25&#8243; custom_padding=\u00bb|||\u00bb global_colors_info=\u00bb{}\u00bb custom_padding__hover=\u00bb|||\u00bb][et_pb_wc_tabs _builder_version=\u00bb3.0.47&#8243; global_colors_info=\u00bb{}\u00bb]\t\t\t\t\t[\/et_pb_wc_tabs][et_pb_wc_upsells _builder_version=\u00bb3.0.47&#8243; global_colors_info=\u00bb{}\u00bb][\/et_pb_wc_upsells][et_pb_wc_related_products _builder_version=\u00bb3.0.47&#8243; global_colors_info=\u00bb{}\u00bb][\/et_pb_wc_related_products][\/et_pb_column][\/et_pb_row][\/et_pb_section][et_pb_section fb_built=\u00bb1&#8243; _builder_version=\u00bb4.14.9&#8243; _module_preset=\u00bbdefault\u00bb background_enable_image=\u00bboff\u00bb background_position=\u00bbtop_right\u00bb custom_padding=\u00bb||0px||false|false\u00bb global_module=\u00bb110&#8243; saved_tabs=\u00bball\u00bb global_colors_info=\u00bb{}\u00bb][et_pb_row use_custom_gutter=\u00bbon\u00bb gutter_width=\u00bb1&#8243; _builder_version=\u00bb4.14.9&#8243; _module_preset=\u00bbdefault\u00bb width=\u00bb100%\u00bb max_width=\u00bb1920px\u00bb custom_padding=\u00bb0px||0px||false|false\u00bb global_colors_info=\u00bb{}\u00bb][et_pb_column type=\u00bb4_4&#8243; _builder_version=\u00bb4.14.9&#8243; _module_preset=\u00bbdefault\u00bb global_colors_info=\u00bb{}\u00bb][et_pb_image src=\u00bbhttp:\/\/patagoniaoverlander.com\/wp-content\/uploads\/2022\/03\/footer-cordillera-cerro-castillo2.png\u00bb title_text=\u00bbfooter-cordillera-cerro-castillo2&#8243; _builder_version=\u00bb4.14.9&#8243; _module_preset=\u00bbdefault\u00bb global_colors_info=\u00bb{}\u00bb][\/et_pb_image][\/et_pb_column][\/et_pb_row][et_pb_row column_structure=\u00bb1_2,1_2&#8243; _builder_version=\u00bb4.14.9&#8243; _module_preset=\u00bbdefault\u00bb background_color=\u00bb#0f3339&#8243; width=\u00bb100%\u00bb max_width=\u00bb1920px\u00bb custom_margin=\u00bb||||false|false\u00bb custom_padding=\u00bb0px||0px||false|false\u00bb global_colors_info=\u00bb{}\u00bb][et_pb_column type=\u00bb1_2&#8243; _builder_version=\u00bb4.14.9&#8243; _module_preset=\u00bbdefault\u00bb global_colors_info=\u00bb{}\u00bb][et_pb_image src=\u00bbhttp:\/\/patagoniaoverlander.com\/wp-content\/uploads\/2022\/03\/logo-patagonia-overlander-blanco350px.png\u00bb title_text=\u00bblogo-patagonia-overlander-blanco350px\u00bb align=\u00bbright\u00bb align_tablet=\u00bbcenter\u00bb align_phone=\u00bbcenter\u00bb align_last_edited=\u00bbon|phone\u00bb _builder_version=\u00bb4.14.9&#8243; _module_preset=\u00bbdefault\u00bb width=\u00bb30%\u00bb width_tablet=\u00bb26%\u00bb width_phone=\u00bb49%\u00bb width_last_edited=\u00bbon|phone\u00bb custom_padding=\u00bb80px||80px||false|false\u00bb custom_padding_tablet=\u00bb||20px||false|false\u00bb custom_padding_phone=\u00bb||20px||false|false\u00bb custom_padding_last_edited=\u00bbon|tablet\u00bb global_colors_info=\u00bb{}\u00bb][\/et_pb_image][\/et_pb_column][et_pb_column type=\u00bb1_2&#8243; _builder_version=\u00bb4.14.9&#8243; _module_preset=\u00bbdefault\u00bb global_colors_info=\u00bb{}\u00bb][et_pb_text _builder_version=\u00bb4.14.9&#8243; _module_preset=\u00bbdefault\u00bb background_layout=\u00bbdark\u00bb custom_margin=\u00bb150px|||10px|false|false\u00bb custom_margin_tablet=\u00bb0px||50px||false|false\u00bb custom_margin_phone=\u00bb0px||50px||false|false\u00bb custom_margin_last_edited=\u00bbon|phone\u00bb text_font_size_tablet=\u00bb\u00bb text_font_size_phone=\u00bb16px\u00bb text_font_size_last_edited=\u00bbon|phone\u00bb text_orientation_tablet=\u00bbcenter\u00bb text_orientation_phone=\u00bbcenter\u00bb text_orientation_last_edited=\u00bbon|phone\u00bb global_colors_info=\u00bb{}\u00bb]<\/p>\n<p><a href=\"http:\/\/patagoniaoverlander.com\/reserva-en-linea-patagonia-overlander\/\">RESERVA EN L\u00cdNEA AQU\u00cd &gt;&gt;<\/a><\/p>\n<p>Para m\u00e1s informaci\u00f3n, cont\u00e1ctanos:<br \/><a href=\"mailto:contacto@patagoniaoverlander.com\">contacto@patagoniaoverlander.com<\/a><br \/>+56 9 8833 9900<\/p>\n<p>[\/et_pb_text][\/et_pb_column][\/et_pb_row][\/et_pb_section]<\/p>\n","protected":false},"excerpt":{"rendered":"<p>Valor por persona.<br \/>\nContamos con 4 sitios de Camping para casas rodantes. Cada sitio est\u00e1 separado por arbustos y \u00e1rboles nativos, otorgando privacidad al visitante. Tienen acceso a agua de pozo y est\u00e1n cerca de ba\u00f1os y duchas.<br \/>\n<strong>\u00bfCu\u00e1ntas personas nos visitan?<\/strong><\/p>\n","protected":false},"featured_media":226,"comment_status":"open","ping_status":"closed","template":"","meta":{"_et_pb_use_builder":"on","_et_pb_old_content":"","_et_gb_content_width":""},"product_brand":[],"product_cat":[24],"product_tag":[27,32,28,29,30,31],"class_list":{"0":"post-225","1":"product","2":"type-product","3":"status-publish","4":"has-post-thumbnail","6":"product_cat-sin-categorizar","7":"product_tag-camping","8":"product_tag-carretera-austral","9":"product_tag-casas-rodantes","10":"product_tag-ciclistas","11":"product_tag-motociclistas","12":"product_tag-patagonia","14":"first","15":"instock","16":"shipping-taxable","17":"purchasable","18":"product-type-simple"},"yoast_head":"<!-- This site is optimized with the Yoast SEO plugin v27.5 - https:\/\/yoast.com\/product\/yoast-seo-wordpress\/ -->\n<title>Sitio de Camping &#8902; Patagonia Overlander<\/title>\n<meta name=\"robots\" content=\"index, follow, max-snippet:-1, max-image-preview:large, max-video-preview:-1\" \/>\n<link rel=\"canonical\" href=\"https:\/\/patagoniaoverlander.com\/es\/producto\/sitio-de-camping-casa-rodante\/\" \/>\n<meta property=\"og:locale\" content=\"es_ES\" \/>\n<meta property=\"og:type\" content=\"article\" \/>\n<meta property=\"og:title\" content=\"Sitio de Camping &#8902; Patagonia Overlander\" \/>\n<meta property=\"og:description\" content=\"Valor por persona. Contamos con 4 sitios de Camping para casas rodantes. Cada sitio est\u00e1 separado por arbustos y \u00e1rboles nativos, otorgando privacidad al visitante. Tienen acceso a agua de pozo y est\u00e1n cerca de ba\u00f1os y duchas. \u00bfCu\u00e1ntas personas nos visitan?\" \/>\n<meta property=\"og:url\" content=\"https:\/\/patagoniaoverlander.com\/es\/producto\/sitio-de-camping-casa-rodante\/\" \/>\n<meta property=\"og:site_name\" content=\"Patagonia Overlander\" \/>\n<meta property=\"article:publisher\" content=\"https:\/\/web.facebook.com\/Patagonia-Overlander-1473621456073083\" \/>\n<meta property=\"article:modified_time\" content=\"2022-03-31T14:26:48+00:00\" \/>\n<meta property=\"og:image\" content=\"https:\/\/patagoniaoverlander.com\/wp-content\/uploads\/2022\/03\/sitio-camping-patagonia-overlander-01.jpg\" \/>\n\t<meta property=\"og:image:width\" content=\"1200\" \/>\n\t<meta property=\"og:image:height\" content=\"1200\" \/>\n\t<meta property=\"og:image:type\" content=\"image\/jpeg\" \/>\n<meta name=\"twitter:card\" content=\"summary_large_image\" \/>\n<meta name=\"twitter:label1\" content=\"Tiempo de lectura\" \/>\n\t<meta name=\"twitter:data1\" content=\"3 minutos\" \/>\n<script type=\"application\/ld+json\" class=\"yoast-schema-graph\">{\"@context\":\"https:\\\/\\\/schema.org\",\"@graph\":[{\"@type\":\"WebPage\",\"@id\":\"https:\\\/\\\/patagoniaoverlander.com\\\/es\\\/producto\\\/sitio-de-camping-casa-rodante\\\/\",\"url\":\"https:\\\/\\\/patagoniaoverlander.com\\\/es\\\/producto\\\/sitio-de-camping-casa-rodante\\\/\",\"name\":\"Sitio de Camping &#8902; Patagonia Overlander\",\"isPartOf\":{\"@id\":\"https:\\\/\\\/patagoniaoverlander.com\\\/es\\\/#website\"},\"primaryImageOfPage\":{\"@id\":\"https:\\\/\\\/patagoniaoverlander.com\\\/es\\\/producto\\\/sitio-de-camping-casa-rodante\\\/#primaryimage\"},\"image\":{\"@id\":\"https:\\\/\\\/patagoniaoverlander.com\\\/es\\\/producto\\\/sitio-de-camping-casa-rodante\\\/#primaryimage\"},\"thumbnailUrl\":\"https:\\\/\\\/patagoniaoverlander.com\\\/wp-content\\\/uploads\\\/2022\\\/03\\\/sitio-camping-patagonia-overlander-01.jpg\",\"datePublished\":\"2022-03-31T13:27:09+00:00\",\"dateModified\":\"2022-03-31T14:26:48+00:00\",\"breadcrumb\":{\"@id\":\"https:\\\/\\\/patagoniaoverlander.com\\\/es\\\/producto\\\/sitio-de-camping-casa-rodante\\\/#breadcrumb\"},\"inLanguage\":\"es\",\"potentialAction\":[{\"@type\":\"ReadAction\",\"target\":[\"https:\\\/\\\/patagoniaoverlander.com\\\/es\\\/producto\\\/sitio-de-camping-casa-rodante\\\/\"]}]},{\"@type\":\"ImageObject\",\"inLanguage\":\"es\",\"@id\":\"https:\\\/\\\/patagoniaoverlander.com\\\/es\\\/producto\\\/sitio-de-camping-casa-rodante\\\/#primaryimage\",\"url\":\"https:\\\/\\\/patagoniaoverlander.com\\\/wp-content\\\/uploads\\\/2022\\\/03\\\/sitio-camping-patagonia-overlander-01.jpg\",\"contentUrl\":\"https:\\\/\\\/patagoniaoverlander.com\\\/wp-content\\\/uploads\\\/2022\\\/03\\\/sitio-camping-patagonia-overlander-01.jpg\",\"width\":1200,\"height\":1200,\"caption\":\"camping casas rodantes patagonia overlander\"},{\"@type\":\"BreadcrumbList\",\"@id\":\"https:\\\/\\\/patagoniaoverlander.com\\\/es\\\/producto\\\/sitio-de-camping-casa-rodante\\\/#breadcrumb\",\"itemListElement\":[{\"@type\":\"ListItem\",\"position\":1,\"name\":\"Portada\",\"item\":\"https:\\\/\\\/patagoniaoverlander.com\\\/es\\\/\"},{\"@type\":\"ListItem\",\"position\":2,\"name\":\"Tienda\",\"item\":\"https:\\\/\\\/patagoniaoverlander.com\\\/en\\\/shop\\\/\"},{\"@type\":\"ListItem\",\"position\":3,\"name\":\"Sitio de Camping\"}]},{\"@type\":\"WebSite\",\"@id\":\"https:\\\/\\\/patagoniaoverlander.com\\\/es\\\/#website\",\"url\":\"https:\\\/\\\/patagoniaoverlander.com\\\/es\\\/\",\"name\":\"Patagonia Overlander\",\"description\":\"Camping para Overlanders en la Carretera Austral, Chile\",\"publisher\":{\"@id\":\"https:\\\/\\\/patagoniaoverlander.com\\\/es\\\/#organization\"},\"potentialAction\":[{\"@type\":\"SearchAction\",\"target\":{\"@type\":\"EntryPoint\",\"urlTemplate\":\"https:\\\/\\\/patagoniaoverlander.com\\\/es\\\/?s={search_term_string}\"},\"query-input\":{\"@type\":\"PropertyValueSpecification\",\"valueRequired\":true,\"valueName\":\"search_term_string\"}}],\"inLanguage\":\"es\"},{\"@type\":\"Organization\",\"@id\":\"https:\\\/\\\/patagoniaoverlander.com\\\/es\\\/#organization\",\"name\":\"Patagonia Overlander\",\"url\":\"https:\\\/\\\/patagoniaoverlander.com\\\/es\\\/\",\"logo\":{\"@type\":\"ImageObject\",\"inLanguage\":\"es\",\"@id\":\"https:\\\/\\\/patagoniaoverlander.com\\\/es\\\/#\\\/schema\\\/logo\\\/image\\\/\",\"url\":\"https:\\\/\\\/patagoniaoverlander.com\\\/wp-content\\\/uploads\\\/2022\\\/04\\\/Logo-Patagonia-Overlander-seo.png\",\"contentUrl\":\"https:\\\/\\\/patagoniaoverlander.com\\\/wp-content\\\/uploads\\\/2022\\\/04\\\/Logo-Patagonia-Overlander-seo.png\",\"width\":2000,\"height\":1400,\"caption\":\"Patagonia Overlander\"},\"image\":{\"@id\":\"https:\\\/\\\/patagoniaoverlander.com\\\/es\\\/#\\\/schema\\\/logo\\\/image\\\/\"},\"sameAs\":[\"https:\\\/\\\/web.facebook.com\\\/Patagonia-Overlander-1473621456073083\",\"https:\\\/\\\/www.instagram.com\\\/patagonia.overlander\"]}]}<\/script>\n<!-- \/ Yoast SEO plugin. -->","yoast_head_json":{"title":"Sitio de Camping &#8902; Patagonia Overlander","robots":{"index":"index","follow":"follow","max-snippet":"max-snippet:-1","max-image-preview":"max-image-preview:large","max-video-preview":"max-video-preview:-1"},"canonical":"https:\/\/patagoniaoverlander.com\/es\/producto\/sitio-de-camping-casa-rodante\/","og_locale":"es_ES","og_type":"article","og_title":"Sitio de Camping &#8902; Patagonia Overlander","og_description":"Valor por persona. Contamos con 4 sitios de Camping para casas rodantes. Cada sitio est\u00e1 separado por arbustos y \u00e1rboles nativos, otorgando privacidad al visitante. Tienen acceso a agua de pozo y est\u00e1n cerca de ba\u00f1os y duchas. \u00bfCu\u00e1ntas personas nos visitan?","og_url":"https:\/\/patagoniaoverlander.com\/es\/producto\/sitio-de-camping-casa-rodante\/","og_site_name":"Patagonia Overlander","article_publisher":"https:\/\/web.facebook.com\/Patagonia-Overlander-1473621456073083","article_modified_time":"2022-03-31T14:26:48+00:00","og_image":[{"width":1200,"height":1200,"url":"https:\/\/patagoniaoverlander.com\/wp-content\/uploads\/2022\/03\/sitio-camping-patagonia-overlander-01.jpg","type":"image\/jpeg"}],"twitter_card":"summary_large_image","twitter_misc":{"Tiempo de lectura":"3 minutos"},"schema":{"@context":"https:\/\/schema.org","@graph":[{"@type":"WebPage","@id":"https:\/\/patagoniaoverlander.com\/es\/producto\/sitio-de-camping-casa-rodante\/","url":"https:\/\/patagoniaoverlander.com\/es\/producto\/sitio-de-camping-casa-rodante\/","name":"Sitio de Camping &#8902; Patagonia Overlander","isPartOf":{"@id":"https:\/\/patagoniaoverlander.com\/es\/#website"},"primaryImageOfPage":{"@id":"https:\/\/patagoniaoverlander.com\/es\/producto\/sitio-de-camping-casa-rodante\/#primaryimage"},"image":{"@id":"https:\/\/patagoniaoverlander.com\/es\/producto\/sitio-de-camping-casa-rodante\/#primaryimage"},"thumbnailUrl":"https:\/\/patagoniaoverlander.com\/wp-content\/uploads\/2022\/03\/sitio-camping-patagonia-overlander-01.jpg","datePublished":"2022-03-31T13:27:09+00:00","dateModified":"2022-03-31T14:26:48+00:00","breadcrumb":{"@id":"https:\/\/patagoniaoverlander.com\/es\/producto\/sitio-de-camping-casa-rodante\/#breadcrumb"},"inLanguage":"es","potentialAction":[{"@type":"ReadAction","target":["https:\/\/patagoniaoverlander.com\/es\/producto\/sitio-de-camping-casa-rodante\/"]}]},{"@type":"ImageObject","inLanguage":"es","@id":"https:\/\/patagoniaoverlander.com\/es\/producto\/sitio-de-camping-casa-rodante\/#primaryimage","url":"https:\/\/patagoniaoverlander.com\/wp-content\/uploads\/2022\/03\/sitio-camping-patagonia-overlander-01.jpg","contentUrl":"https:\/\/patagoniaoverlander.com\/wp-content\/uploads\/2022\/03\/sitio-camping-patagonia-overlander-01.jpg","width":1200,"height":1200,"caption":"camping casas rodantes patagonia overlander"},{"@type":"BreadcrumbList","@id":"https:\/\/patagoniaoverlander.com\/es\/producto\/sitio-de-camping-casa-rodante\/#breadcrumb","itemListElement":[{"@type":"ListItem","position":1,"name":"Portada","item":"https:\/\/patagoniaoverlander.com\/es\/"},{"@type":"ListItem","position":2,"name":"Tienda","item":"https:\/\/patagoniaoverlander.com\/en\/shop\/"},{"@type":"ListItem","position":3,"name":"Sitio de Camping"}]},{"@type":"WebSite","@id":"https:\/\/patagoniaoverlander.com\/es\/#website","url":"https:\/\/patagoniaoverlander.com\/es\/","name":"Patagonia Overlander","description":"Camping para Overlanders en la Carretera Austral, Chile","publisher":{"@id":"https:\/\/patagoniaoverlander.com\/es\/#organization"},"potentialAction":[{"@type":"SearchAction","target":{"@type":"EntryPoint","urlTemplate":"https:\/\/patagoniaoverlander.com\/es\/?s={search_term_string}"},"query-input":{"@type":"PropertyValueSpecification","valueRequired":true,"valueName":"search_term_string"}}],"inLanguage":"es"},{"@type":"Organization","@id":"https:\/\/patagoniaoverlander.com\/es\/#organization","name":"Patagonia Overlander","url":"https:\/\/patagoniaoverlander.com\/es\/","logo":{"@type":"ImageObject","inLanguage":"es","@id":"https:\/\/patagoniaoverlander.com\/es\/#\/schema\/logo\/image\/","url":"https:\/\/patagoniaoverlander.com\/wp-content\/uploads\/2022\/04\/Logo-Patagonia-Overlander-seo.png","contentUrl":"https:\/\/patagoniaoverlander.com\/wp-content\/uploads\/2022\/04\/Logo-Patagonia-Overlander-seo.png","width":2000,"height":1400,"caption":"Patagonia Overlander"},"image":{"@id":"https:\/\/patagoniaoverlander.com\/es\/#\/schema\/logo\/image\/"},"sameAs":["https:\/\/web.facebook.com\/Patagonia-Overlander-1473621456073083","https:\/\/www.instagram.com\/patagonia.overlander"]}]}},"_links":{"self":[{"href":"https:\/\/patagoniaoverlander.com\/es\/wp-json\/wp\/v2\/product\/225","targetHints":{"allow":["GET"]}}],"collection":[{"href":"https:\/\/patagoniaoverlander.com\/es\/wp-json\/wp\/v2\/product"}],"about":[{"href":"https:\/\/patagoniaoverlander.com\/es\/wp-json\/wp\/v2\/types\/product"}],"replies":[{"embeddable":true,"href":"https:\/\/patagoniaoverlander.com\/es\/wp-json\/wp\/v2\/comments?post=225"}],"wp:featuredmedia":[{"embeddable":true,"href":"https:\/\/patagoniaoverlander.com\/es\/wp-json\/wp\/v2\/media\/226"}],"wp:attachment":[{"href":"https:\/\/patagoniaoverlander.com\/es\/wp-json\/wp\/v2\/media?parent=225"}],"wp:term":[{"taxonomy":"product_brand","embeddable":true,"href":"https:\/\/patagoniaoverlander.com\/es\/wp-json\/wp\/v2\/product_brand?post=225"},{"taxonomy":"product_cat","embeddable":true,"href":"https:\/\/patagoniaoverlander.com\/es\/wp-json\/wp\/v2\/product_cat?post=225"},{"taxonomy":"product_tag","embeddable":true,"href":"https:\/\/patagoniaoverlander.com\/es\/wp-json\/wp\/v2\/product_tag?post=225"}],"curies":[{"name":"wp","href":"https:\/\/api.w.org\/{rel}","templated":true}]}}